{"id":79,"date":"2026-04-16T07:23:33","date_gmt":"2026-04-16T07:23:33","guid":{"rendered":"https:\/\/gaotuyenviet.com\/?page_id=79"},"modified":"2026-04-17T17:16:24","modified_gmt":"2026-04-17T17:16:24","slug":"gioi-thieu","status":"publish","type":"page","link":"https:\/\/gaotuyenviet.com\/index.php\/gioi-thieu\/","title":{"rendered":"Gi\u1edbi thi\u1ec7u"},"content":{"rendered":"\n\n  <div class=\"banner has-hover\" id=\"banner-470629518\">\n          <div class=\"banner-inner fill\">\n        <div class=\"banner-bg fill\" >\n            <div class=\"bg fill bg-fill \"><\/div>\n                                    \n                    <\/div>\n\t\t\n        <div class=\"banner-layers container\">\n            <div class=\"fill banner-link\"><\/div>            \n\n   <div id=\"text-box-1189823212\" class=\"text-box banner-layer x50 md-x50 lg-x50 y50 md-y50 lg-y50 res-text\">\n                                <div class=\"text-box-content text dark\">\n              \n              <div class=\"text-inner text-center\">\n                  \n\n\n              <\/div>\n           <\/div>\n                            \n<style>\n#text-box-1189823212 {\n  width: 60%;\n}\n#text-box-1189823212 .text-box-content {\n  font-size: 100%;\n}\n<\/style>\n    <\/div>\n \n\n        <\/div>\n      <\/div>\n\n            \n<style>\n#banner-470629518 {\n  padding-top: 500px;\n}\n#banner-470629518 .bg.bg-loaded {\n  background-image: url(https:\/\/gaotuyenviet.com\/wp-content\/uploads\/2026\/04\/panerhihi-1024x767.png);\n}\n<\/style>\n  <\/div>\n\n\n\t<section class=\"section\" id=\"section_1640850863\">\n\t\t<div class=\"bg section-bg fill bg-fill  bg-loaded\" >\n\n\t\t\t\n\t\t\t\n\t\t\t\n\n\t\t<\/div>\n\n\t\t\n\n\t\t<div class=\"section-content relative\">\n\t\t\t\n\n<div class=\"row\"  id=\"row-807149225\">\n\n\n\t<div id=\"col-1686119905\" class=\"col small-12 large-12\"  >\n\t\t\t\t<div class=\"col-inner\"  >\n\t\t\t\n\t\t\t\n\n<p style=\"text-align: left;\"><b>GI\u1edaI THI\u1ec6U NH\u00c0 M\u00c1Y G\u1ea0O TUY\u1ebeN VI\u1ec6T<\/b><\/p>\n<p><b>Nh\u00e0 m\u00e1y t\u00e1ch m\u00e0u g\u1ea1o c\u00f4ng ngh\u1ec7 cao | G\u1ea1o n\u1ebfp \u2013 g\u1ea1o t\u1ebb \u2013 g\u1ea1o \u0111\u1eb7c s\u1ea3n<\/b><\/p>\n<p><span style=\"font-weight: 400;\">T\u1ecda l\u1ea1c t\u1ea1i <\/span><b>Khu L\u00e0ng Ngh\u1ec1 \u2013 Th\u1ecb tr\u1ea5n Y\u00ean M\u1ef9 \u2013 H\u01b0ng Y\u00ean<\/b><span style=\"font-weight: 400;\">, <\/span><b>G\u1ea1o Tuy\u1ebfn Vi\u1ec7t<\/b><span style=\"font-weight: 400;\"> t\u1ef1 h\u00e0o l\u00e0 m\u1ed9t trong nh\u1eefng c\u01a1 s\u1edf cung c\u1ea5p g\u1ea1o uy t\u00edn, ch\u1ea5t l\u01b0\u1ee3ng cao cho th\u1ecb tr\u01b0\u1eddng mi\u1ec1n B\u1eafc. V\u1edbi d\u00e2y chuy\u1ec1n <\/span><b>t\u00e1ch m\u00e0u hi\u1ec7n \u0111\u1ea1i<\/b><span style=\"font-weight: 400;\">, ch\u00fang t\u00f4i mang \u0111\u1ebfn ngu\u1ed3n g\u1ea1o s\u1ea1ch \u2013 chu\u1ea9n \u2013 \u0111\u1ed3ng nh\u1ea5t, \u0111\u00e1p \u1ee9ng t\u1eeb h\u1ed9 gia \u0111\u00ecnh \u0111\u1ebfn c\u00e1c \u0111\u01a1n v\u1ecb kinh doanh g\u1ea1o, \u0111\u1ea1i l\u00fd, si\u00eau th\u1ecb v\u00e0 b\u1ebfp \u0103n.<\/span><\/p>\n<p><b>S\u1ea3n ph\u1ea9m ch\u1ee7 l\u1ef1c:<\/b><\/p>\n<p><span style=\"font-weight: 400;\">\ud83c\udf3e<\/span> <b>G\u1ea1o th\u01a1m, g\u1ea1o t\u1ebb ch\u1ea5t l\u01b0\u1ee3ng cao<\/b><\/p>\n<p><span style=\"font-weight: 400;\">\ud83c\udf3e<\/span> <b>C\u00e1c lo\u1ea1i g\u1ea1o n\u1ebfp d\u1ebbo \u2013 ngon \u2013 chu\u1ea9n gi\u1ed1ng<\/b><\/p>\n<p><span style=\"font-weight: 400;\">\ud83c\udf3e<\/span> <b>G\u1ea1o \u0111\u1eb7c s\u1ea3n v\u00f9ng mi\u1ec1n<\/b><\/p>\n<p><span style=\"font-weight: 400;\">\ud83c\udf3e<\/span> <b>Ngu\u1ed3n h\u00e0ng \u1ed5n \u0111\u1ecbnh, \u0111\u00f3ng bao s\u1ea1ch, tr\u1ecdng l\u01b0\u1ee3ng ch\u00ednh x\u00e1c<\/b><\/p>\n<p><span style=\"font-weight: 400;\">Ch\u00fang t\u00f4i l\u1ef1a ch\u1ecdn nguy\u00ean li\u1ec7u t\u1eeb c\u00e1c v\u00f9ng tr\u1ed3ng l\u00faa n\u1ed5i ti\u1ebfng, ki\u1ec3m so\u00e1t ch\u1eb7t ch\u1ebd t\u1eeb kh\u00e2u thu mua \u2013 xay x\u00e1t \u2013 t\u00e1ch m\u00e0u \u2013 \u0111\u00f3ng g\u00f3i, \u0111\u1ea3m b\u1ea3o <\/span><b>h\u1ea1t g\u1ea1o \u0111\u1ebfn tay kh\u00e1ch h\u00e0ng lu\u00f4n \u0111\u1ea1t ch\u1ea5t l\u01b0\u1ee3ng t\u1ed1t nh\u1ea5t<\/b><span style=\"font-weight: 400;\">.<\/span><\/p>\n<p><b>\u01afu \u0111i\u1ec3m c\u1ee7a G\u1ea1o Tuy\u1ebfn Vi\u1ec7t<\/b><\/p>\n<p><span style=\"font-weight: 400;\">\u2714<\/span><span style=\"font-weight: 400;\">\ufe0f Nh\u00e0 m\u00e1y quy m\u00f4 l\u1edbn, s\u1ea3n l\u01b0\u1ee3ng \u1ed5n \u0111\u1ecbnh quanh n\u0103m<\/span><\/p>\n<p><span style=\"font-weight: 400;\">\u2714<\/span><span style=\"font-weight: 400;\">\ufe0f M\u00e1y m\u00f3c c\u00f4ng ngh\u1ec7 cao \u2013 \u0111\u1ea3m b\u1ea3o g\u1ea1o s\u1ea1ch, kh\u00f4ng l\u1eabn t\u1ea1p<\/span><\/p>\n<p><span style=\"font-weight: 400;\">\u2714<\/span><span style=\"font-weight: 400;\">\ufe0f Gi\u00e1 th\u00e0nh c\u1ea1nh tranh, ch\u00ednh s\u00e1ch t\u1ed1t cho \u0111\u1ea1i l\u00fd<\/span><\/p>\n<p><span style=\"font-weight: 400;\">\u2714<\/span><span style=\"font-weight: 400;\">\ufe0f D\u1ecbch v\u1ee5 giao h\u00e0ng nhanh, h\u1ed7 tr\u1ee3 t\u1eadn n\u01a1i<\/span><\/p>\n<p><span style=\"font-weight: 400;\">\u2714<\/span><span style=\"font-weight: 400;\">\ufe0f L\u00e0 \u0111\u1ed1i t\u00e1c tin c\u1eady c\u1ee7a nhi\u1ec1u c\u1eeda h\u00e0ng, doanh nghi\u1ec7p, b\u1ebfp \u0103n v\u00e0 \u0111\u1ea1i l\u00fd g\u1ea1o tr\u00ean to\u00e0n qu\u1ed1c<\/span><\/p>\n<p><span style=\"font-weight: 400;\">V\u1edbi ph\u01b0\u01a1ng ch\u00e2m <\/span><b>\u201cCh\u1ea5t l\u01b0\u1ee3ng t\u1ea1o uy t\u00edn \u2013 Uy t\u00edn t\u1ea1o th\u01b0\u01a1ng hi\u1ec7u\u201d<\/b><span style=\"font-weight: 400;\">, G\u1ea1o Tuy\u1ebfn Vi\u1ec7t cam k\u1ebft mang \u0111\u1ebfn cho kh\u00e1ch h\u00e0ng nh\u1eefng s\u1ea3n ph\u1ea9m g\u1ea1o ngon \u2013 s\u1ea1ch \u2013 an to\u00e0n \u2013 \u1ed5n \u0111\u1ecbnh l\u00e2u d\u00e0i.<\/span><\/p>\n\n\t\t<\/div>\n\t\t\t\t\t<\/div>\n\n\t\n\n<\/div>\n\n\t\t<\/div>\n\n\t\t\n<style>\n#section_1640850863 {\n  padding-top: 30px;\n  padding-bottom: 30px;\n}\n<\/style>\n\t<\/section>\n\t\n\n","protected":false},"excerpt":{"rendered":"","protected":false},"author":1,"featured_media":0,"parent":0,"menu_order":0,"comment_status":"closed","ping_status":"closed","template":"page-blank.php","meta":{"footnotes":""},"class_list":["post-79","page","type-page","status-publish","hentry"],"_links":{"self":[{"href":"https:\/\/gaotuyenviet.com\/index.php\/wp-json\/wp\/v2\/pages\/79","targetHints":{"allow":["GET"]}}],"collection":[{"href":"https:\/\/gaotuyenviet.com\/index.php\/wp-json\/wp\/v2\/pages"}],"about":[{"href":"https:\/\/gaotuyenviet.com\/index.php\/wp-json\/wp\/v2\/types\/page"}],"author":[{"embeddable":true,"href":"https:\/\/gaotuyenviet.com\/index.php\/wp-json\/wp\/v2\/users\/1"}],"replies":[{"embeddable":true,"href":"https:\/\/gaotuyenviet.com\/index.php\/wp-json\/wp\/v2\/comments?post=79"}],"version-history":[{"count":4,"href":"https:\/\/gaotuyenviet.com\/index.php\/wp-json\/wp\/v2\/pages\/79\/revisions"}],"predecessor-version":[{"id":118,"href":"https:\/\/gaotuyenviet.com\/index.php\/wp-json\/wp\/v2\/pages\/79\/revisions\/118"}],"wp:attachment":[{"href":"https:\/\/gaotuyenviet.com\/index.php\/wp-json\/wp\/v2\/media?parent=79"}],"curies":[{"name":"wp","href":"https:\/\/api.w.org\/{rel}","templated":true}]}}